{"id":7,"date":"2023-04-10T10:59:18","date_gmt":"2023-04-10T14:59:18","guid":{"rendered":"http:\/\/templatation.wpengine.com\/pizzamia\/?page_id=6"},"modified":"2026-01-30T10:28:13","modified_gmt":"2026-01-30T15:28:13","slug":"restaurant-pizza-greenfield-park","status":"publish","type":"page","link":"https:\/\/duopizza.com\/fr\/","title":{"rendered":"Accueil"},"content":{"rendered":"<div class=\"wpb-content-wrapper\"><p>[vc_row css=\u00a0\u00bb.vc_custom_1470845043812{margin-top: 0px !important;margin-bottom: 0px !important;padding-top: 0px !important;padding-bottom: 0px !important;}\u00a0\u00bb el_class=\u00a0\u00bbblack-bottom\u00a0\u00bb][vc_column css=\u00a0\u00bb.vc_custom_1470844716475{margin-top: 0px !important;margin-bottom: 0px !important;padding-top: 0px !important;padding-bottom: 0px !important;}\u00a0\u00bb][rev_slider_vc alias=\u00a0\u00bbPizza_slider\u00a0\u00bb][\/vc_column][\/vc_row][vc_row full_width=\u00a0\u00bbstretch_row\u00a0\u00bb css=\u00a0\u00bb.vc_custom_1471763245611{background-color: #f3f3f3 !important;}\u00a0\u00bb el_class=\u00a0\u00bbtop-white\u00a0\u00bb el_id=\u00a0\u00bbpz-menu\u00a0\u00bb][vc_column][vc_column_text css_animation=\u00a0\u00bbnone\u00a0\u00bb css=\u00a0\u00bb\u00a0\u00bb]<em>Bienvenue chez Restaurant Duo Pizza! Nous sommes une pizzeria fi\u00e8rement en affaires \u00e0 Greenfield Park depuis plus de 30 ans, offrant toujours des <a href=\"https:\/\/duopizza.com\/fr\/menu-duopizza\">pizzas <\/a>fra\u00eeches et d\u00e9licieuses \u00e0 notre communaut\u00e9. En plus de notre restaurant \u00e0 Greenfield Park offre le service au comptoir a un prix r\u00e9duit, nous sommes \u00e9galement heureux de vous offrir la possibilit\u00e9 de commander vos livraison pizza Longueuil &#8211; Brossard -St. Hubert;\u00a0 en ligne gr\u00e2ce \u00e0 nos partenaires en ligne tels que DoorDash, UberEats et Skip.. <\/em><\/p>\n<p><em>Cliquez sur les liens ci-dessous pour commandez maintenant.<\/em><\/p>\n<p><a href=\"https:\/\/www.order.store\/ca\/store\/duo-pizza-greenfield-park\/qg9lUezyVBuyIQyuNh5eIg\"><img loading=\"lazy\" decoding=\"async\" class=\"alignnone wp-image-1449\" src=\"https:\/\/duopizza.com\/wp-content\/uploads\/2022\/12\/ubereats-1-150x150.png\" alt=\"UberEats- Commandez en ligne\" width=\"90\" height=\"90\" srcset=\"https:\/\/duopizza.com\/wp-content\/uploads\/2022\/12\/ubereats-1-150x150.png 150w, https:\/\/duopizza.com\/wp-content\/uploads\/2022\/12\/ubereats-1.png 225w\" sizes=\"auto, (max-width: 90px) 100vw, 90px\" \/><\/a> \u00a0<a href=\"https:\/\/www.skipthedishes.com\/duo-pizza-boul-churchill\"><img loading=\"lazy\" decoding=\"async\" class=\"alignnone wp-image-1451\" src=\"https:\/\/duopizza.com\/wp-content\/uploads\/2022\/12\/skip-150x150.jpg\" alt=\"Skip-Commandez en ligne\" width=\"90\" height=\"90\" srcset=\"https:\/\/duopizza.com\/wp-content\/uploads\/2022\/12\/skip-150x150.jpg 150w, https:\/\/duopizza.com\/wp-content\/uploads\/2022\/12\/skip-300x300.jpg 300w, https:\/\/duopizza.com\/wp-content\/uploads\/2022\/12\/skip-768x768.jpg 768w, https:\/\/duopizza.com\/wp-content\/uploads\/2022\/12\/skip.jpg 960w\" sizes=\"auto, (max-width: 90px) 100vw, 90px\" \/><\/a> \u00a0<a href=\"https:\/\/order.online\/business\/duo-pizza-11603970\"><img loading=\"lazy\" decoding=\"async\" class=\"alignnone wp-image-1453\" src=\"https:\/\/duopizza.com\/wp-content\/uploads\/2022\/12\/Picsart_22-12-29_02-10-18-913-150x150.png\" alt=\"DoorDash - pizza livraison\" width=\"99\" height=\"99\" \/><\/a> <a href=\"https:\/\/duopizza.order-online.ai\/#\/\"><img loading=\"lazy\" decoding=\"async\" class=\"alignnone wp-image-1454\" src=\"https:\/\/duopizza.com\/wp-content\/uploads\/2022\/12\/Picsart_22-12-29_02-33-25-718-150x150.png\" alt=\"Comptoir Duo Pizza -Commandez en ligne restaurant longueuil\" width=\"107\" height=\"107\" srcset=\"https:\/\/duopizza.com\/wp-content\/uploads\/2022\/12\/Picsart_22-12-29_02-33-25-718-150x150.png 150w, https:\/\/duopizza.com\/wp-content\/uploads\/2022\/12\/Picsart_22-12-29_02-33-25-718-300x300.png 300w, https:\/\/duopizza.com\/wp-content\/uploads\/2022\/12\/Picsart_22-12-29_02-33-25-718-768x768.png 768w, https:\/\/duopizza.com\/wp-content\/uploads\/2022\/12\/Picsart_22-12-29_02-33-25-718.png 806w\" sizes=\"auto, (max-width: 107px) 100vw, 107px\" \/><\/a>[\/vc_column_text][vc_row_inner disable_element=\u00a0\u00bbyes\u00a0\u00bb][vc_column_inner width=\u00a0\u00bb1\/2&Prime;]<div tabindex=\"0\" class=\"ult-new-ib ult-ib-effect-style14  ult-ib-resp  \" data-min-width=\"768\" data-max-width=\"900\" style=\"background:#000000;\" data-opacity=\"0.7\" data-hover-opacity=\"1\" ><img decoding=\"async\" class=\"ult-new-ib-img\" style=\"opacity:0.7;\" alt=\"Pizza\" src=\"https:\/\/duopizza.com\/wp-content\/uploads\/2024\/12\/EMP_8645.jpg\"   \/><div id=\"interactive-banner-wrap-3171\" class=\"ult-new-ib-desc\" style=\"\"><h2 class=\"ult-new-ib-title ult-responsive\"  data-ultimate-target='#interactive-banner-wrap-3171 .ult-new-ib-title'  data-responsive-json-new='{\"font-size\":\"desktop:30px;\",\"line-height\":\"\"}'  style=\"font-weight:bold;\">Pizzas<\/h2><\/div><a class=\"ult-new-ib-link\" href=\"https:\/\/duopizza.com\/fr\/pizzas\/\" title=\"Pizza 2 pour 1\"  data-touch-delay=\"30\"><\/a><\/div><div tabindex=\"0\" class=\"ult-new-ib ult-ib-effect-style14  ult-ib-resp  \" data-min-width=\"768\" data-max-width=\"900\" style=\"background:#000000;\" data-opacity=\"0.7\" data-hover-opacity=\"1\" ><img decoding=\"async\" class=\"ult-new-ib-img\" style=\"opacity:0.7;\" alt=\"Pizza\" src=\"https:\/\/duopizza.com\/wp-content\/uploads\/2024\/12\/EMP_8985-e1729286706170.jpg\"   \/><div id=\"interactive-banner-wrap-5514\" class=\"ult-new-ib-desc\" style=\"\"><h2 class=\"ult-new-ib-title ult-responsive\"  data-ultimate-target='#interactive-banner-wrap-5514 .ult-new-ib-title'  data-responsive-json-new='{\"font-size\":\"desktop:30px;\",\"line-height\":\"\"}'  style=\"font-weight:bold;\">Les promotions<\/h2><\/div><a class=\"ult-new-ib-link\" href=\"https:\/\/duopizza.com\/fr\/les-promotions\/\" title=\"Les combos\"  data-touch-delay=\"30\"><\/a><\/div><div tabindex=\"0\" class=\"ult-new-ib ult-ib-effect-style14  ult-ib-resp  \" data-min-width=\"768\" data-max-width=\"900\" style=\"background:#000000;\" data-opacity=\"0.7\" data-hover-opacity=\"1\" ><img decoding=\"async\" class=\"ult-new-ib-img\" style=\"opacity:0.7;\" alt=\"null\" src=\"https:\/\/duopizza.com\/wp-content\/uploads\/2024\/10\/EMP_9048-e1729286812250.jpg\"   \/><div id=\"interactive-banner-wrap-1561\" class=\"ult-new-ib-desc\" style=\"\"><h2 class=\"ult-new-ib-title ult-responsive\"  data-ultimate-target='#interactive-banner-wrap-1561 .ult-new-ib-title'  data-responsive-json-new='{\"font-size\":\"desktop:30px;mobile_landscape:22px;mobile:22px;\",\"line-height\":\"\"}'  style=\"font-weight:bold;\">Frites et poutines<\/h2><\/div><a class=\"ult-new-ib-link\" href=\"https:\/\/duopizza.com\/fr\/frites-poutines\/\" title=\"Poutines gourmets\"  data-touch-delay=\"30\"><\/a><\/div>[\/vc_column_inner][vc_column_inner width=\u00a0\u00bb1\/2&Prime;]<div tabindex=\"0\" class=\"ult-new-ib ult-ib-effect-style14  ult-ib-resp  \" data-min-width=\"768\" data-max-width=\"900\" style=\"background:#000000;\" data-opacity=\"0.7\" data-hover-opacity=\"1\" ><img decoding=\"async\" class=\"ult-new-ib-img\" style=\"opacity:0.7;\" alt=\"null\" src=\"https:\/\/duopizza.com\/wp-content\/uploads\/2019\/01\/sub-btn-1.jpg\"   \/><div id=\"interactive-banner-wrap-7090\" class=\"ult-new-ib-desc\" style=\"\"><h1 class=\"ult-new-ib-title ult-responsive\"  data-ultimate-target='#interactive-banner-wrap-7090 .ult-new-ib-title'  data-responsive-json-new='{\"font-size\":\"desktop:30px;mobile_landscape:18px;mobile:18px;\",\"line-height\":\"\"}'  style=\"font-weight:bold;\">Sous-marins<\/h1><\/div><a class=\"ult-new-ib-link\" href=\"https:\/\/duopizza.com\/fr\/\" title=\"Sous-marins \/ Calzones\"  data-touch-delay=\"30\"><\/a><\/div><div tabindex=\"0\" class=\"ult-new-ib ult-ib-effect-style14  ult-ib-resp  \" data-min-width=\"768\" data-max-width=\"900\" style=\"background:#000000;\" data-opacity=\"0.7\" data-hover-opacity=\"1\" ><img decoding=\"async\" class=\"ult-new-ib-img\" style=\"opacity:0.7;\" alt=\"null\" src=\"https:\/\/duopizza.com\/wp-content\/uploads\/2024\/10\/EMP_8560-e1729286867889.jpg\"   \/><div id=\"interactive-banner-wrap-2381\" class=\"ult-new-ib-desc\" style=\"\"><h2 class=\"ult-new-ib-title ult-responsive\"  data-ultimate-target='#interactive-banner-wrap-2381 .ult-new-ib-title'  data-responsive-json-new='{\"font-size\":\"desktop:30px;\",\"line-height\":\"\"}'  style=\"font-weight:bold;\">Hamburgers<\/h2><\/div><a class=\"ult-new-ib-link\" href=\"https:\/\/duopizza.com\/fr\/burgers\/\" title=\"Hamburgers 2\"  data-touch-delay=\"30\"><\/a><\/div><div tabindex=\"0\" class=\"ult-new-ib ult-ib-effect-style14  ult-ib-resp  \" data-min-width=\"768\" data-max-width=\"900\" style=\"background:#000000;\" data-opacity=\"0.7\" data-hover-opacity=\"1\" ><img decoding=\"async\" class=\"ult-new-ib-img\" style=\"opacity:0.7;\" alt=\"null\" src=\"https:\/\/duopizza.com\/wp-content\/uploads\/2024\/10\/EMP_8409-e1729286994574.jpg\"   \/><div id=\"interactive-banner-wrap-4049\" class=\"ult-new-ib-desc\" style=\"\"><h2 class=\"ult-new-ib-title ult-responsive\"  data-ultimate-target='#interactive-banner-wrap-4049 .ult-new-ib-title'  data-responsive-json-new='{\"font-size\":\"desktop:30px;\",\"line-height\":\"\"}'  style=\"font-weight:bold;\">Les entr\u00e9es<\/h2><\/div><a class=\"ult-new-ib-link\" href=\"https:\/\/duopizza.com\/fr\/les-entrees\/\" title=\"Les \u00e0 c\u00f4t\u00e9s\"  data-touch-delay=\"30\"><\/a><\/div>[\/vc_column_inner][\/vc_row_inner][vc_btn title=\u00a0\u00bbCommandez en ligne !\u00a0\u00bb color=\u00a0\u00bbdanger\u00a0\u00bb size=\u00a0\u00bblg\u00a0\u00bb align=\u00a0\u00bbcenter\u00a0\u00bb i_icon_fontawesome=\u00a0\u00bbfas fa-external-link-alt\u00a0\u00bb css_animation=\u00a0\u00bbbounceIn\u00a0\u00bb css=\u00a0\u00bb\u00a0\u00bb button_block=\u00a0\u00bbtrue\u00a0\u00bb add_icon=\u00a0\u00bbtrue\u00a0\u00bb link=\u00a0\u00bburl:https%3A%2F%2Fduopizza.order-online.ai%2F%23%2F|title:Order%20online|target:_blank\u00a0\u00bb][\/vc_column][\/vc_row][vc_row full_width=\u00a0\u00bbstretch_row\u00a0\u00bb css=\u00a0\u00bb.vc_custom_1751062229520{padding-top: 3rem !important;background-color: #FDE8E9 !important;}\u00a0\u00bb][vc_column css=\u00a0\u00bb.vc_custom_1751062145921{padding-top: 3rem !important;}\u00a0\u00bb][vc_column_text css=\u00a0\u00bb\u00a0\u00bb el_class=\u00a0\u00bbsubtlt-menu-dp sub-home-dp\u00a0\u00bb]<\/p>\n<h2>Du bon go\u00fbt \u00e0 partager chez Duo Pizza<\/h2>\n<p>[\/vc_column_text][vc_column_text css=\u00a0\u00bb\u00a0\u00bb el_class=\u00a0\u00bbtxt-cate-dp\u00a0\u00bb]Bienvenue chez Duo Pizza, votre pizzeria \u00e0 Longueuil pr\u00e9f\u00e9r\u00e9e! Parcourez notre menu pizza en ligne et laissez-vous tenter par nos incontournables :[\/vc_column_text][vc_raw_html css=\u00a0\u00bb\u00a0\u00bb]JTVCc2xkLXBsYXRlYXV4JTIwY2F0ZWdvcmllcyUzRCUyMjU0JTIyJTVE[\/vc_raw_html][vc_column_text css=\u00a0\u00bb\u00a0\u00bb el_class=\u00a0\u00bbtxt-cate-dp txt-home-dp\u00a0\u00bb]Commandez en quelques clics \u2014 livraison rapide disponible![\/vc_column_text][vc_btn title=\u00a0\u00bbCommander votre pizza en ligne maintenant\u00a0\u00bb color=\u00a0\u00bbdanger\u00a0\u00bb align=\u00a0\u00bbcenter\u00a0\u00bb css=\u00a0\u00bb\u00a0\u00bb el_class=\u00a0\u00bbbtn-menu btn-home-dp\u00a0\u00bb link=\u00a0\u00bburl:https%3A%2F%2Fduopizza.order-online.ai%2F%23%2F|target:_blank\u00a0\u00bb][\/vc_column][\/vc_row][vc_row][vc_column css=\u00a0\u00bb.vc_custom_1751059103284{padding-top: 4rem !important;padding-bottom: 4rem !important;}\u00a0\u00bb][vc_column_text css=\u00a0\u00bb\u00a0\u00bb el_class=\u00a0\u00bbsubtlt-menu-dp sub-home-dp\u00a0\u00bb]<\/p>\n<h2>Nos promotions \u00e0 ne pas manquer<\/h2>\n<p>[\/vc_column_text][vc_column_text css=\u00a0\u00bb\u00a0\u00bb el_class=\u00a0\u00bbtxt-cate-dp\u00a0\u00bb]<\/p>\n<p style=\"text-align: center;\">Profitez de nos offres sp\u00e9ciales, valables en tout temps :<\/p>\n<p>[\/vc_column_text][vc_column_text css=\u00a0\u00bb\u00a0\u00bb el_class=\u00a0\u00bbtxt-cate-dp\u00a0\u00bb]<\/p>\n<p style=\"text-align: center;\">Nous offrons la livraison dans les secteurs suivant:\u00a0Livraison pizza \u00e0 Longueuil,\u00a0 St-Hubert, Livraison pizza \u00e0 Brossard, Greenfield park, et Saint-Lambert<\/p>\n<p>[\/vc_column_text][vc_raw_html css=\u00a0\u00bb\u00a0\u00bb]JTVCc2xkLXByb21vJTVE[\/vc_raw_html][\/vc_column][\/vc_row][vc_row][vc_column][vc_column_text css=\u00a0\u00bb\u00a0\u00bb]<\/p>\n<h3>Depuis 30 ans \u00e0 Greenfield Park<\/h3>\n<p>Notre restaurant pizzeria locale engageons \u00e0 offrir \u00e0 notre communaut\u00e9 des pizzas de qualit\u00e9 sup\u00e9rieure et un excellent service \u00e0 la client\u00e8le. Commandiez en ligne pour livraison pizza longueuil- Brossard- St.Hubert, ou\u00a0 nous rendre visite en personne \u00e0 Duo Pizza Greenfield Park. Nous sommes reconnaissants de votre soutien continu et nous sommes impatients de continuer \u00e0 servir notre communaut\u00e9 pour les ann\u00e9es \u00e0 venir. Venez nous rendre visite aujourd&rsquo;hui ou <em><strong><a href=\"https:\/\/duopizza.order-online.ai\/#\">commandez en ligne<\/a> <\/strong><\/em>avec nos partenaires pour go\u00fbter la diff\u00e9rence Duo Pizza!<\/p>\n<p>Nous offrons la livraison dans les secteurs suivant: <strong>Livraison pizza \u00e0 Longueuil,\u00a0 St-Hubert, Livraison pizza \u00e0 Brossard, Greenfield park, et Saint-Lambert<\/strong>[\/vc_column_text][\/vc_column][\/vc_row][vc_row][vc_column][\/vc_column][\/vc_row][vc_row][vc_column][\/vc_column][\/vc_row][vc_row][vc_column][vc_wp_text]<\/p>\n<div id=\"r-rcm\" class=\" r-rcm_black \">\n<p><a href=\"https:\/\/fr.restaurantguru.com\/Duo-Pizza-Montreal\"><img loading=\"lazy\" decoding=\"async\" class=\"alignnone wp-image-2088 size-medium\" src=\"https:\/\/duopizza.com\/wp-content\/uploads\/2023\/06\/RestaurantGuru_Certificate1-2-212x300.png\" alt=\"Duo pizza recommande\" width=\"212\" height=\"300\" \/><\/a><\/p>\n<div class=\"r-rcm_year\">2023<\/div>\n<div class=\"r-rcm_bottom r-rcm_row-doubled \"><span class=\"r-rcm_str1 f9\">Excellent livraison de<\/span> <span class=\"r-rcm_str2 \">nourriture<\/span><\/div>\n<div class=\"r-rcm_heading\"><a class=\"r-rcm_heading__link\" href=\"https:\/\/restaurantguru.com\/\">Restaurant Guru<\/a><\/div>\n<\/div>\n<p>[\/vc_wp_text][\/vc_column][\/vc_row]<\/p>\n<\/div>","protected":false},"excerpt":{"rendered":"<p>[vc_row css=\u00a0\u00bb.vc_custom_1470845043812{margin-top: 0px !important;margin-bottom: 0px !important;padding-top: 0px !important;padding-bottom: 0px !important;}\u00a0\u00bb el_class=\u00a0\u00bbblack-bottom\u00a0\u00bb][vc_column css=\u00a0\u00bb.vc_custom_1470844716475{margin-top: 0px !important;margin-bottom: 0px !important;padding-top: 0px !important;padding-bottom: 0px !important;}\u00a0\u00bb][rev_slider_vc alias=\u00a0\u00bbPizza_slider\u00a0\u00bb][\/vc_column][\/vc_row][vc_row full_width=\u00a0\u00bbstretch_row\u00a0\u00bb css=\u00a0\u00bb.vc_custom_1471763245611{background-color: #f3f3f3 !important;}\u00a0\u00bb el_class=\u00a0\u00bbtop-white\u00a0\u00bb el_id=\u00a0\u00bbpz-menu\u00a0\u00bb][vc_column][vc_column_text css_animation=\u00a0\u00bbnone\u00a0\u00bb css=\u00a0\u00bb\u00a0\u00bb]Bienvenue chez Restaurant Duo Pizza! Nous sommes une pizzeria fi\u00e8rement en affaires \u00e0 Greenfield Park depuis plus de 30 ans, offrant toujours des pizzas fra\u00eeches et d\u00e9licieuses [&hellip;]<\/p>\n","protected":false},"author":2,"featured_media":1422,"parent":0,"menu_order":0,"comment_status":"closed","ping_status":"closed","template":"","meta":{"_acf_changed":false,"footnotes":""},"class_list":["post-7","page","type-page","status-publish","has-post-thumbnail","hentry"],"acf":[],"yoast_head":"<!-- This site is optimized with the Yoast SEO Premium plugin v22.4 (Yoast SEO v27.5) - https:\/\/yoast.com\/product\/yoast-seo-premium-wordpress\/ -->\n<title>Restaurant Pizza Livraison Longueuil | Brossard | Greenfield Park<\/title>\n<meta name=\"description\" content=\"Restaurant pizza longueuil d\u00e9licieuses, faites \u00e0 la main avec les meilleurs ingr\u00e9dients. Toujours pizza 2 pour 1 \u00e0 partir de 15.99$.\" \/>\n<meta name=\"robots\" content=\"index, follow, max-snippet:-1, max-image-preview:large, max-video-preview:-1\" \/>\n<link rel=\"canonical\" href=\"https:\/\/duopizza.com\/fr\/\" \/>\n<meta property=\"og:locale\" content=\"fr_FR\" \/>\n<meta property=\"og:type\" content=\"article\" \/>\n<meta property=\"og:title\" content=\"Duo Pizza- Promo Comptoir, Greenfield Park\" \/>\n<meta property=\"og:description\" content=\"Promo Comptoir | TRIO Pizza 8&quot;, frites et Pepsi $11.99 !\" \/>\n<meta property=\"og:url\" content=\"https:\/\/duopizza.com\/fr\/\" \/>\n<meta property=\"og:site_name\" content=\"Duo Pizza\" \/>\n<meta property=\"article:publisher\" content=\"https:\/\/www.facebook.com\/Duopizzainc\/\" \/>\n<meta property=\"article:modified_time\" content=\"2026-01-30T15:28:13+00:00\" \/>\n<meta property=\"og:image\" content=\"https:\/\/duopizza.com\/wp-content\/uploads\/2022\/12\/Picsart_22-12-29_02-33-25-718.png\" \/>\n\t<meta property=\"og:image:width\" content=\"806\" \/>\n\t<meta property=\"og:image:height\" content=\"806\" \/>\n\t<meta property=\"og:image:type\" content=\"image\/png\" \/>\n<meta name=\"twitter:card\" content=\"summary_large_image\" \/>\n<meta name=\"twitter:title\" content=\"Promo Comptoir | TRIO Pizza 8&quot;, frites et Pepsi $11.99 !\" \/>\n<meta name=\"twitter:description\" content=\"Promo Comptoir | TRIO Pizza 8&quot;, frites et Pepsi $11.99 Promo Comptoir | TRIO Pizza 8&quot;, frites et Pepsi $11.99 Promo Comptoir | TRIO Pizza 8&quot;, frites et Pepsi $11.99 !\" \/>\n<meta name=\"twitter:label1\" content=\"Dur\u00e9e de lecture estim\u00e9e\" \/>\n\t<meta name=\"twitter:data1\" content=\"4 minutes\" \/>\n<script type=\"application\/ld+json\" class=\"yoast-schema-graph\">{\"@context\":\"https:\\\/\\\/schema.org\",\"@graph\":[{\"@type\":\"WebPage\",\"@id\":\"https:\\\/\\\/duopizza.com\\\/fr\\\/\",\"url\":\"https:\\\/\\\/duopizza.com\\\/fr\\\/\",\"name\":\"Restaurant Pizza Livraison Longueuil | Brossard | Greenfield Park\",\"isPartOf\":{\"@id\":\"https:\\\/\\\/duopizza.com\\\/fr\\\/#website\"},\"primaryImageOfPage\":{\"@id\":\"https:\\\/\\\/duopizza.com\\\/fr\\\/#primaryimage\"},\"image\":{\"@id\":\"https:\\\/\\\/duopizza.com\\\/fr\\\/#primaryimage\"},\"thumbnailUrl\":\"https:\\\/\\\/duopizza.com\\\/wp-content\\\/uploads\\\/2022\\\/12\\\/cropped-Duo-Pizza-logo-1.jpg\",\"datePublished\":\"2023-04-10T14:59:18+00:00\",\"dateModified\":\"2026-01-30T15:28:13+00:00\",\"description\":\"Restaurant pizza longueuil d\u00e9licieuses, faites \u00e0 la main avec les meilleurs ingr\u00e9dients. Toujours pizza 2 pour 1 \u00e0 partir de 15.99$.\",\"breadcrumb\":{\"@id\":\"https:\\\/\\\/duopizza.com\\\/fr\\\/#breadcrumb\"},\"inLanguage\":\"fr-FR\",\"potentialAction\":[{\"@type\":\"ReadAction\",\"target\":[\"https:\\\/\\\/duopizza.com\\\/fr\\\/\"]}]},{\"@type\":\"ImageObject\",\"inLanguage\":\"fr-FR\",\"@id\":\"https:\\\/\\\/duopizza.com\\\/fr\\\/#primaryimage\",\"url\":\"https:\\\/\\\/duopizza.com\\\/wp-content\\\/uploads\\\/2022\\\/12\\\/cropped-Duo-Pizza-logo-1.jpg\",\"contentUrl\":\"https:\\\/\\\/duopizza.com\\\/wp-content\\\/uploads\\\/2022\\\/12\\\/cropped-Duo-Pizza-logo-1.jpg\",\"width\":512,\"height\":512,\"caption\":\"casse-croute pizza 2 pour 1 livraision Brossard, restaurant Longueuil, Saint-Hubert\"},{\"@type\":\"BreadcrumbList\",\"@id\":\"https:\\\/\\\/duopizza.com\\\/fr\\\/#breadcrumb\",\"itemListElement\":[{\"@type\":\"ListItem\",\"position\":1,\"name\":\"Accueil\",\"item\":\"https:\\\/\\\/duopizza.com\\\/fr\\\/\"},{\"@type\":\"ListItem\",\"position\":2,\"name\":\"Accueil\"}]},{\"@type\":\"WebSite\",\"@id\":\"https:\\\/\\\/duopizza.com\\\/fr\\\/#website\",\"url\":\"https:\\\/\\\/duopizza.com\\\/fr\\\/\",\"name\":\"Duo Pizza\",\"description\":\"Pizza  livraison 2 pour 1\",\"publisher\":{\"@id\":\"https:\\\/\\\/duopizza.com\\\/fr\\\/#organization\"},\"potentialAction\":[{\"@type\":\"SearchAction\",\"target\":{\"@type\":\"EntryPoint\",\"urlTemplate\":\"https:\\\/\\\/duopizza.com\\\/fr\\\/?s={search_term_string}\"},\"query-input\":{\"@type\":\"PropertyValueSpecification\",\"valueRequired\":true,\"valueName\":\"search_term_string\"}}],\"inLanguage\":\"fr-FR\"},{\"@type\":\"Organization\",\"@id\":\"https:\\\/\\\/duopizza.com\\\/fr\\\/#organization\",\"name\":\"Duo Pizza\",\"url\":\"https:\\\/\\\/duopizza.com\\\/fr\\\/\",\"logo\":{\"@type\":\"ImageObject\",\"inLanguage\":\"fr-FR\",\"@id\":\"https:\\\/\\\/duopizza.com\\\/fr\\\/#\\\/schema\\\/logo\\\/image\\\/\",\"url\":\"https:\\\/\\\/duopizza.com\\\/wp-content\\\/uploads\\\/2022\\\/12\\\/cropped-Duo-Pizza-logo-1.jpg\",\"contentUrl\":\"https:\\\/\\\/duopizza.com\\\/wp-content\\\/uploads\\\/2022\\\/12\\\/cropped-Duo-Pizza-logo-1.jpg\",\"width\":512,\"height\":512,\"caption\":\"Duo Pizza\"},\"image\":{\"@id\":\"https:\\\/\\\/duopizza.com\\\/fr\\\/#\\\/schema\\\/logo\\\/image\\\/\"},\"sameAs\":[\"https:\\\/\\\/www.facebook.com\\\/Duopizzainc\\\/\",\"https:\\\/\\\/www.instagram.com\\\/duopizza\\\/?hl=en\"]}]}<\/script>\n<!-- \/ Yoast SEO Premium plugin. -->","yoast_head_json":{"title":"Restaurant Pizza Livraison Longueuil | Brossard | Greenfield Park","description":"Restaurant pizza longueuil d\u00e9licieuses, faites \u00e0 la main avec les meilleurs ingr\u00e9dients. Toujours pizza 2 pour 1 \u00e0 partir de 15.99$.","robots":{"index":"index","follow":"follow","max-snippet":"max-snippet:-1","max-image-preview":"max-image-preview:large","max-video-preview":"max-video-preview:-1"},"canonical":"https:\/\/duopizza.com\/fr\/","og_locale":"fr_FR","og_type":"article","og_title":"Duo Pizza- Promo Comptoir, Greenfield Park","og_description":"Promo Comptoir | TRIO Pizza 8\", frites et Pepsi $11.99 !","og_url":"https:\/\/duopizza.com\/fr\/","og_site_name":"Duo Pizza","article_publisher":"https:\/\/www.facebook.com\/Duopizzainc\/","article_modified_time":"2026-01-30T15:28:13+00:00","og_image":[{"width":806,"height":806,"url":"https:\/\/duopizza.com\/wp-content\/uploads\/2022\/12\/Picsart_22-12-29_02-33-25-718.png","type":"image\/png"}],"twitter_card":"summary_large_image","twitter_title":"Promo Comptoir | TRIO Pizza 8\", frites et Pepsi $11.99 !","twitter_description":"Promo Comptoir | TRIO Pizza 8\", frites et Pepsi $11.99 Promo Comptoir | TRIO Pizza 8\", frites et Pepsi $11.99 Promo Comptoir | TRIO Pizza 8\", frites et Pepsi $11.99 !","twitter_misc":{"Dur\u00e9e de lecture estim\u00e9e":"4 minutes"},"schema":{"@context":"https:\/\/schema.org","@graph":[{"@type":"WebPage","@id":"https:\/\/duopizza.com\/fr\/","url":"https:\/\/duopizza.com\/fr\/","name":"Restaurant Pizza Livraison Longueuil | Brossard | Greenfield Park","isPartOf":{"@id":"https:\/\/duopizza.com\/fr\/#website"},"primaryImageOfPage":{"@id":"https:\/\/duopizza.com\/fr\/#primaryimage"},"image":{"@id":"https:\/\/duopizza.com\/fr\/#primaryimage"},"thumbnailUrl":"https:\/\/duopizza.com\/wp-content\/uploads\/2022\/12\/cropped-Duo-Pizza-logo-1.jpg","datePublished":"2023-04-10T14:59:18+00:00","dateModified":"2026-01-30T15:28:13+00:00","description":"Restaurant pizza longueuil d\u00e9licieuses, faites \u00e0 la main avec les meilleurs ingr\u00e9dients. Toujours pizza 2 pour 1 \u00e0 partir de 15.99$.","breadcrumb":{"@id":"https:\/\/duopizza.com\/fr\/#breadcrumb"},"inLanguage":"fr-FR","potentialAction":[{"@type":"ReadAction","target":["https:\/\/duopizza.com\/fr\/"]}]},{"@type":"ImageObject","inLanguage":"fr-FR","@id":"https:\/\/duopizza.com\/fr\/#primaryimage","url":"https:\/\/duopizza.com\/wp-content\/uploads\/2022\/12\/cropped-Duo-Pizza-logo-1.jpg","contentUrl":"https:\/\/duopizza.com\/wp-content\/uploads\/2022\/12\/cropped-Duo-Pizza-logo-1.jpg","width":512,"height":512,"caption":"casse-croute pizza 2 pour 1 livraision Brossard, restaurant Longueuil, Saint-Hubert"},{"@type":"BreadcrumbList","@id":"https:\/\/duopizza.com\/fr\/#breadcrumb","itemListElement":[{"@type":"ListItem","position":1,"name":"Accueil","item":"https:\/\/duopizza.com\/fr\/"},{"@type":"ListItem","position":2,"name":"Accueil"}]},{"@type":"WebSite","@id":"https:\/\/duopizza.com\/fr\/#website","url":"https:\/\/duopizza.com\/fr\/","name":"Duo Pizza","description":"Pizza  livraison 2 pour 1","publisher":{"@id":"https:\/\/duopizza.com\/fr\/#organization"},"potentialAction":[{"@type":"SearchAction","target":{"@type":"EntryPoint","urlTemplate":"https:\/\/duopizza.com\/fr\/?s={search_term_string}"},"query-input":{"@type":"PropertyValueSpecification","valueRequired":true,"valueName":"search_term_string"}}],"inLanguage":"fr-FR"},{"@type":"Organization","@id":"https:\/\/duopizza.com\/fr\/#organization","name":"Duo Pizza","url":"https:\/\/duopizza.com\/fr\/","logo":{"@type":"ImageObject","inLanguage":"fr-FR","@id":"https:\/\/duopizza.com\/fr\/#\/schema\/logo\/image\/","url":"https:\/\/duopizza.com\/wp-content\/uploads\/2022\/12\/cropped-Duo-Pizza-logo-1.jpg","contentUrl":"https:\/\/duopizza.com\/wp-content\/uploads\/2022\/12\/cropped-Duo-Pizza-logo-1.jpg","width":512,"height":512,"caption":"Duo Pizza"},"image":{"@id":"https:\/\/duopizza.com\/fr\/#\/schema\/logo\/image\/"},"sameAs":["https:\/\/www.facebook.com\/Duopizzainc\/","https:\/\/www.instagram.com\/duopizza\/?hl=en"]}]}},"_links":{"self":[{"href":"https:\/\/duopizza.com\/fr\/wp-json\/wp\/v2\/pages\/7","targetHints":{"allow":["GET"]}}],"collection":[{"href":"https:\/\/duopizza.com\/fr\/wp-json\/wp\/v2\/pages"}],"about":[{"href":"https:\/\/duopizza.com\/fr\/wp-json\/wp\/v2\/types\/page"}],"author":[{"embeddable":true,"href":"https:\/\/duopizza.com\/fr\/wp-json\/wp\/v2\/users\/2"}],"replies":[{"embeddable":true,"href":"https:\/\/duopizza.com\/fr\/wp-json\/wp\/v2\/comments?post=7"}],"version-history":[{"count":25,"href":"https:\/\/duopizza.com\/fr\/wp-json\/wp\/v2\/pages\/7\/revisions"}],"predecessor-version":[{"id":3358,"href":"https:\/\/duopizza.com\/fr\/wp-json\/wp\/v2\/pages\/7\/revisions\/3358"}],"wp:featuredmedia":[{"embeddable":true,"href":"https:\/\/duopizza.com\/fr\/wp-json\/wp\/v2\/media\/1422"}],"wp:attachment":[{"href":"https:\/\/duopizza.com\/fr\/wp-json\/wp\/v2\/media?parent=7"}],"curies":[{"name":"wp","href":"https:\/\/api.w.org\/{rel}","templated":true}]}}