{"id":2759,"date":"2025-06-09T13:46:44","date_gmt":"2025-06-09T17:46:44","guid":{"rendered":"https:\/\/duopizza.com\/?page_id=2759"},"modified":"2025-09-08T14:00:55","modified_gmt":"2025-09-08T18:00:55","slug":"menu-duopizza","status":"publish","type":"page","link":"https:\/\/duopizza.com\/fr\/menu-duopizza\/","title":{"rendered":"Menu"},"content":{"rendered":"<div class=\"wpb-content-wrapper\"><p>[vc_row full_width=\u00a0\u00bbstretch_row\u00a0\u00bb content_placement=\u00a0\u00bbmiddle\u00a0\u00bb css=\u00a0\u00bb.vc_custom_1749754004378{background-image: url(https:\/\/duopizza.com\/wp-content\/uploads\/2025\/06\/banner-menu-duopizza.webp?id=2850) !important;background-position: center !important;background-repeat: no-repeat !important;background-size: cover !important;}\u00a0\u00bb min_height=\u00a0\u00bb800px\u00a0\u00bb el_class=\u00a0\u00bbbox-banner\u00a0\u00bb][vc_column][vc_column_text css=\u00a0\u00bb\u00a0\u00bb el_class=\u00a0\u00bbtlt-menu-dp\u00a0\u00bb]<\/p>\n<h1>Du bon go\u00fbt \u00e0 partager chez Duo Pizza<\/h1>\n<p>[\/vc_column_text][vc_column_text css=\u00a0\u00bb\u00a0\u00bb el_class=\u00a0\u00bbtxt-menu-dp\u00a0\u00bb]Bienvenue chez Duo Pizza, votre pizzeria \u00e0 Longueuil pr\u00e9f\u00e9r\u00e9e! Parcourez notre menu pizza en ligne et laissez-vous tenter par nos incontournables :[\/vc_column_text][\/vc_column][\/vc_row][vc_row full_width=\u00a0\u00bbstretch_row\u00a0\u00bb content_placement=\u00a0\u00bbmiddle\u00a0\u00bb css=\u00a0\u00bb.vc_custom_1750958346167{background-color: #FDE8E9 !important;background-position: center !important;background-repeat: no-repeat !important;background-size: cover !important;}\u00a0\u00bb el_class=\u00a0\u00bbnav-sticky\u00a0\u00bb el_id=\u00a0\u00bbpizzas-classiques\u00a0\u00bb][vc_column]<div class=\"ult_row_spacer\"><div class=\"ult-sticky-anchor\"><div class=\"ult-sticky-section ult-sticky \"  data-gutter= '20' data-stick_behaviour= 'stick_with_scroll_row'  data-sticky_position= 'top' data-mobile='yes' data-support='no'>[vc_raw_html css=\u00a0\u00bb\u00a0\u00bb el_class=\u00a0\u00bbsticky-menu-dp\u00a0\u00bb]JTNDZGl2JTIwY2xhc3MlM0QlMjJuYXYtbWVudS1kcCUyMiUzRSUwQSUzQ2ElMjBocmVmJTNEJTIyJTIzcGl6emFzLWNsYXNzaXF1ZXMlMjIlM0VQaXp6YXMlMjBDbGFzc2lxdWVzJTNDJTJGYSUzRSUwQSUzQ2ElMjBocmVmJTNEJTIyJTIzc291cy1tYXJpbnMlMjIlM0VTb3VzLW1hcmlucyUzQyUyRmElM0UlMEElM0NhJTIwaHJlZiUzRCUyMiUyM2NhbHpvbmVzJTIyJTNFQ2Fsem9uZXMlM0MlMkZhJTNFJTBBJTNDYSUyMGhyZWYlM0QlMjIlMjNwb3V0aW5lcyUyMiUzRVBvdXRpbmVzJTNDJTJGYSUzRSUwQSUzQ2ElMjBocmVmJTNEJTIyJTIzY2Fzc2UtY3JvdXRlJTIyJTNFQ2Fzc2UtY3JvJUMzJUJCdGUlM0MlMkZhJTNFJTBBJTNDYSUyMGhyZWYlM0QlMjIlMjNzYWxhZGVzJTIyJTNFU2FsYWRlcyUzQyUyRmElM0UlMEElM0NhJTIwaHJlZiUzRCUyMiUyM2NvbWJvcyUyMiUzRUNvbWJvcyUzQyUyRmElM0UlMEElM0NhJTIwaHJlZiUzRCUyMiUyM3Bpenphcy1kZXNzZXJ0JTIyJTNFUGl6emFzJTIwRGVzc2VydCUzQyUyRmElM0UlMEElM0NhJTIwaHJlZiUzRCUyMiUyM3NhdWNlcy1kaXBzJTIyJTNFU2F1Y2VzJTIwRGlwcyUzQyUyRmElM0UlMEElM0MlMkZkaXYlM0UlMEElMEE=[\/vc_raw_html]<\/div><div class=\"ult-space\"><\/div><\/div><\/div>[vc_raw_js]JTNDc2NyaXB0JTNFJTBBZG9jdW1lbnQuYWRkRXZlbnRMaXN0ZW5lciUyOCUyMkRPTUNvbnRlbnRMb2FkZWQlMjIlMkMlMjBmdW5jdGlvbiUyMCUyOCUyOSUyMCU3QiUwQSUyMCUyMCUyMCUyMGNvbnN0JTIwbGlua3MlMjAlM0QlMjBkb2N1bWVudC5xdWVyeVNlbGVjdG9yQWxsJTI4JTIyLm5hdi1tZW51LWRwJTIwYSUyMiUyOSUzQiUwQSUwQSUyMCUyMCUyMCUyMGZ1bmN0aW9uJTIwc2V0QWN0aXZlTGluayUyOCUyOSUyMCU3QiUwQSUyMCUyMCUyMCUyMCUyMCUyMCUyMCUyMGNvbnN0JTIwaGFzaCUyMCUzRCUyMHdpbmRvdy5sb2NhdGlvbi5oYXNoJTNCJTBBJTIwJTIwJTIwJTIwJTIwJTIwJTIwJTIwbGV0JTIwbWF0Y2hlZCUyMCUzRCUyMGZhbHNlJTNCJTBBJTBBJTIwJTIwJTIwJTIwJTIwJTIwJTIwJTIwbGlua3MuZm9yRWFjaCUyOGxpbmslMjAlM0QlM0UlMjAlN0IlMEElMjAlMjAlMjAlMjAlMjAlMjAlMjAlMjAlMjAlMjAlMjAlMjBpZiUyMCUyOGxpbmsuZ2V0QXR0cmlidXRlJTI4JTIyaHJlZiUyMiUyOSUyMCUzRCUzRCUzRCUyMGhhc2glMjklMjAlN0IlMEElMjAlMjAlMjAlMjAlMjAlMjAlMjAlMjAlMjAlMjAlMjAlMjAlMjAlMjAlMjAlMjBsaW5rLmNsYXNzTGlzdC5hZGQlMjglMjJhY3RpdmUlMjIlMjklM0IlMEElMjAlMjAlMjAlMjAlMjAlMjAlMjAlMjAlMjAlMjAlMjAlMjAlMjAlMjAlMjAlMjBtYXRjaGVkJTIwJTNEJTIwdHJ1ZSUzQiUwQSUyMCUyMCUyMCUyMCUyMCUyMCUyMCUyMCUyMCUyMCUyMCUyMCU3RCUyMGVsc2UlMjAlN0IlMEElMjAlMjAlMjAlMjAlMjAlMjAlMjAlMjAlMjAlMjAlMjAlMjAlMjAlMjAlMjAlMjBsaW5rLmNsYXNzTGlzdC5yZW1vdmUlMjglMjJhY3RpdmUlMjIlMjklM0IlMEElMjAlMjAlMjAlMjAlMjAlMjAlMjAlMjAlMjAlMjAlMjAlMjAlN0QlMEElMjAlMjAlMjAlMjAlMjAlMjAlMjAlMjAlN0QlMjklM0IlMEElMjAlMjAlMjAlMjAlMjAlMjAlMjAlMjBpZiUyMCUyOCUyMWhhc2glMjAlN0MlN0MlMjAlMjFtYXRjaGVkJTI5JTIwJTdCJTBBJTIwJTIwJTIwJTIwJTIwJTIwJTIwJTIwJTIwJTIwJTIwJTIwbGlua3MlNUIwJTVELmNsYXNzTGlzdC5hZGQlMjglMjJhY3RpdmUlMjIlMjklM0IlMEElMjAlMjAlMjAlMjAlMjAlMjAlMjAlMjAlN0QlMEElMjAlMjAlMjAlMjAlN0QlMEElMEElMjAlMjAlMjAlMjB3aW5kb3cuYWRkRXZlbnRMaXN0ZW5lciUyOCUyMmhhc2hjaGFuZ2UlMjIlMkMlMjBzZXRBY3RpdmVMaW5rJTI5JTNCJTBBJTIwJTIwJTIwJTIwc2V0QWN0aXZlTGluayUyOCUyOSUzQiUyMCUyRiUyRiUyMEVqZWN1dGFyJTIwZW4lMjBjYXJnYSUyMGluaWNpYWwlMEElN0QlMjklM0IlMEElM0MlMkZzY3JpcHQlM0UlMEE=[\/vc_raw_js][vc_row_inner css=\u00a0\u00bb.vc_custom_1750958335695{padding-top: 2rem !important;}\u00a0\u00bb][vc_column_inner][vc_column_text css=\u00a0\u00bb\u00a0\u00bb el_class=\u00a0\u00bbsubtlt-menu-dp\u00a0\u00bb]<\/p>\n<h2>Pizzas Classiques<\/h2>\n<p>[\/vc_column_text][vc_column_text css=\u00a0\u00bb\u00a0\u00bb el_class=\u00a0\u00bbtxt-cate-dp\u00a0\u00bb]Nos pizzas maison sont bien plus qu\u2019un classique : elles sont un hommage au vrai go\u00fbt, g\u00e9n\u00e9reusement garnies, toujours savoureuses et cuites \u00e0 la perfection avec notre sauce secr\u00e8te et un fromage fondant irr\u00e9sistible.[\/vc_column_text][vc_raw_html css=\u00a0\u00bb\u00a0\u00bb]JTVCc2xkLXBsYXRlYXV4JTIwY2F0ZWdvcmllcyUzRCUyMjM2JTIyJTVE[\/vc_raw_html][vc_btn title=\u00a0\u00bbEssayez notre Sp\u00e9cial Duo Pizza aujourd\u2019hui!\u00a0\u00bb color=\u00a0\u00bbdanger\u00a0\u00bb align=\u00a0\u00bbcenter\u00a0\u00bb css=\u00a0\u00bb\u00a0\u00bb el_class=\u00a0\u00bbbtn-menu\u00a0\u00bb link=\u00a0\u00bburl:https%3A%2F%2Fduopizza.order-online.ai%2F%23%2Fsubcategory%2F123089|target:_blank\u00a0\u00bb][\/vc_column_inner][\/vc_row_inner][vc_raw_html css=\u00a0\u00bb\u00a0\u00bb]JTVCc2xkLXBsYXRlYXV4JTIwY2F0ZWdvcmllcyUzRCUyMjQ0JTIyJTVE[\/vc_raw_html][vc_btn title=\u00a0\u00bb\u00c0 commander en ligne ou sur place!\u00a0\u00bb color=\u00a0\u00bbdanger\u00a0\u00bb align=\u00a0\u00bbcenter\u00a0\u00bb css=\u00a0\u00bb\u00a0\u00bb el_class=\u00a0\u00bbbtn-menu\u00a0\u00bb link=\u00a0\u00bburl:https%3A%2F%2Fduopizza.order-online.ai%2F%23%2Fsubcategory%2F123089|target:_blank\u00a0\u00bb el_id=\u00a0\u00bbsous-marins\u00a0\u00bb][vc_row_inner css=\u00a0\u00bb.vc_custom_1750957067848{padding-top: 2rem !important;}\u00a0\u00bb][vc_column_inner][vc_column_text css=\u00a0\u00bb\u00a0\u00bb el_class=\u00a0\u00bbsubtlt-menu-dp\u00a0\u00bb]<\/p>\n<h2>Sous-marins<\/h2>\n<p>[\/vc_column_text][vc_column_text css=\u00a0\u00bb\u00a0\u00bb el_class=\u00a0\u00bbtxt-cate-dp\u00a0\u00bb]Craquez pour nos sous-marins chauds, fondants et ultra-savoureux. Pain croustillant, garniture g\u00e9n\u00e9reuse, fromage qui coule\u2026 chaque bouch\u00e9e est un pur plaisir![\/vc_column_text][vc_raw_html css=\u00a0\u00bb\u00a0\u00bb]JTVCc2xkLXBsYXRlYXV4JTIwY2F0ZWdvcmllcyUzRCUyMjM3JTIyJTVE[\/vc_raw_html][vc_btn title=\u00a0\u00bb\u00c0 commander en ligne ou sur place!\u00a0\u00bb color=\u00a0\u00bbdanger\u00a0\u00bb align=\u00a0\u00bbcenter\u00a0\u00bb css=\u00a0\u00bb\u00a0\u00bb el_class=\u00a0\u00bbbtn-menu\u00a0\u00bb link=\u00a0\u00bburl:https%3A%2F%2Fduopizza.order-online.ai%2F%23%2Fsubcategory%2F123096|target:_blank\u00a0\u00bb el_id=\u00a0\u00bbcalzones\u00a0\u00bb][\/vc_column_inner][\/vc_row_inner][vc_row_inner css=\u00a0\u00bb.vc_custom_1750957247273{padding-top: 2rem !important;}\u00a0\u00bb][vc_column_inner][vc_column_text css=\u00a0\u00bb\u00a0\u00bb el_class=\u00a0\u00bbsubtlt-menu-dp\u00a0\u00bb]<\/p>\n<h2>Calzones<\/h2>\n<p>[\/vc_column_text][vc_column_text css=\u00a0\u00bb\u00a0\u00bb el_class=\u00a0\u00bbtxt-cate-dp\u00a0\u00bb]Du croustillant dehors, du fondant dedans! Nos calzones maison sont g\u00e9n\u00e9reusement farcis et dor\u00e9s au four \u2014 le mix parfait entre r\u00e9confort et saveur.[\/vc_column_text][vc_raw_html css=\u00a0\u00bb\u00a0\u00bb]JTVCc2xkLXBsYXRlYXV4JTIwY2F0ZWdvcmllcyUzRCUyMjM4JTIyJTVE[\/vc_raw_html][vc_btn title=\u00a0\u00bb\u00c0 commander en ligne ou sur place!\u00a0\u00bb color=\u00a0\u00bbdanger\u00a0\u00bb align=\u00a0\u00bbcenter\u00a0\u00bb css=\u00a0\u00bb\u00a0\u00bb el_class=\u00a0\u00bbbtn-menu\u00a0\u00bb link=\u00a0\u00bburl:https%3A%2F%2Fduopizza.order-online.ai%2F%23%2Fsubcategory%2F123097|target:_blank\u00a0\u00bb el_id=\u00a0\u00bbpoutines\u00a0\u00bb][\/vc_column_inner][\/vc_row_inner][vc_row_inner css=\u00a0\u00bb.vc_custom_1750957317081{padding-top: 2rem !important;}\u00a0\u00bb][vc_column_inner][vc_column_text css=\u00a0\u00bb\u00a0\u00bb el_class=\u00a0\u00bbsubtlt-menu-dp\u00a0\u00bb]<\/p>\n<h2>Poutines<\/h2>\n<p>[\/vc_column_text][vc_column_text css=\u00a0\u00bb\u00a0\u00bb el_class=\u00a0\u00bbtxt-cate-dp\u00a0\u00bb]Frites dor\u00e9es, fromage en grains fondant, sauces riches\u2026 Nos poutines font honneur au classique qu\u00e9b\u00e9cois, avec une touche g\u00e9n\u00e9reuse et irr\u00e9sistible \u00e0 chaque variation![\/vc_column_text][vc_raw_html css=\u00a0\u00bb\u00a0\u00bb]JTVCc2xkLXBsYXRlYXV4JTIwY2F0ZWdvcmllcyUzRCUyMjM5JTIyJTVE[\/vc_raw_html][vc_btn title=\u00a0\u00bb\u00c0 commander en ligne ou sur place!\u00a0\u00bb color=\u00a0\u00bbdanger\u00a0\u00bb align=\u00a0\u00bbcenter\u00a0\u00bb css=\u00a0\u00bb\u00a0\u00bb el_class=\u00a0\u00bbbtn-menu\u00a0\u00bb link=\u00a0\u00bburl:https%3A%2F%2Fduopizza.order-online.ai%2F%23%2Fsubcategory%2F123098|target:_blank\u00a0\u00bb el_id=\u00a0\u00bbcasse-croute\u00a0\u00bb][\/vc_column_inner][\/vc_row_inner][vc_row_inner css=\u00a0\u00bb.vc_custom_1750957330488{padding-top: 2rem !important;}\u00a0\u00bb][vc_column_inner][vc_column_text css=\u00a0\u00bb\u00a0\u00bb el_class=\u00a0\u00bbsubtlt-menu-dp\u00a0\u00bb]<\/p>\n<h2>Casse-cro\u00fbte<\/h2>\n<p>[\/vc_column_text][vc_column_text css=\u00a0\u00bb\u00a0\u00bb el_class=\u00a0\u00bbtxt-cate-dp\u00a0\u00bb]Envie d\u2019un repas rapide et savoureux? Nos classiques du casse-cro\u00fbte sont l\u00e0 pour combler les petites comme les grosses fringales \u2014 simples, efficaces et toujours d\u00e9licieux![\/vc_column_text][vc_raw_html css=\u00a0\u00bb\u00a0\u00bb]JTVCc2xkLXBsYXRlYXV4JTIwY2F0ZWdvcmllcyUzRCUyMjQwJTIyJTVE[\/vc_raw_html][vc_btn title=\u00a0\u00bb\u00c0 commander en ligne ou sur place!\u00a0\u00bb color=\u00a0\u00bbdanger\u00a0\u00bb align=\u00a0\u00bbcenter\u00a0\u00bb css=\u00a0\u00bb\u00a0\u00bb el_class=\u00a0\u00bbbtn-menu\u00a0\u00bb link=\u00a0\u00bburl:https%3A%2F%2Fduopizza.order-online.ai%2F%23%2Fsubcategory%2F123099|target:_blank\u00a0\u00bb el_id=\u00a0\u00bbsalades\u00a0\u00bb][\/vc_column_inner][\/vc_row_inner][vc_row_inner css=\u00a0\u00bb.vc_custom_1750957344232{padding-top: 2rem !important;}\u00a0\u00bb][vc_column_inner][vc_column_text css=\u00a0\u00bb\u00a0\u00bb el_class=\u00a0\u00bbsubtlt-menu-dp\u00a0\u00bb]<\/p>\n<h2>Salades<\/h2>\n<p>[\/vc_column_text][vc_column_text css=\u00a0\u00bb\u00a0\u00bb el_class=\u00a0\u00bbtxt-cate-dp\u00a0\u00bb]Besoin d\u2019un repas l\u00e9ger sans faire de compromis sur le go\u00fbt? Nos salades sont croquantes, g\u00e9n\u00e9reuses et pleines de fra\u00eecheur \u2014 parfaites en plat principal ou en accompagnement.[\/vc_column_text][vc_raw_html css=\u00a0\u00bb\u00a0\u00bb]JTVCc2xkLXBsYXRlYXV4JTIwY2F0ZWdvcmllcyUzRCUyMjQxJTIyJTVE[\/vc_raw_html][vc_btn title=\u00a0\u00bb\u00c0 commander en ligne ou sur place!\u00a0\u00bb color=\u00a0\u00bbdanger\u00a0\u00bb align=\u00a0\u00bbcenter\u00a0\u00bb css=\u00a0\u00bb\u00a0\u00bb el_class=\u00a0\u00bbbtn-menu\u00a0\u00bb link=\u00a0\u00bburl:https%3A%2F%2Fduopizza.order-online.ai%2F%23%2Fsubcategory%2F123095|target:_blank\u00a0\u00bb el_id=\u00a0\u00bbcombos\u00a0\u00bb][\/vc_column_inner][\/vc_row_inner][vc_row_inner css=\u00a0\u00bb.vc_custom_1750957344232{padding-top: 2rem !important;}\u00a0\u00bb][vc_column_inner][vc_column_text css=\u00a0\u00bb\u00a0\u00bb el_class=\u00a0\u00bbsubtlt-menu-dp\u00a0\u00bb]<\/p>\n<h2>Combos<\/h2>\n<p>[\/vc_column_text][vc_column_text css=\u00a0\u00bb\u00a0\u00bb el_class=\u00a0\u00bbtxt-cate-dp\u00a0\u00bb]Des combinaisons simples, savoureuses et avantageuses! Nos combos sont pens\u00e9s pour \u2028combler vos fringales sans compromis sur la qualit\u00e9 \u2014 que ce soit pour une pause express \u2028ou un repas \u00e0 partager.[\/vc_column_text][vc_raw_html css=\u00a0\u00bb\u00a0\u00bb]JTVCc2xkLXBsYXRlYXV4JTIwY2F0ZWdvcmllcyUzRCUyMjU2JTIyJTVE[\/vc_raw_html][vc_btn title=\u00a0\u00bb\u00c0 commander en ligne ou sur place!\u00a0\u00bb color=\u00a0\u00bbdanger\u00a0\u00bb align=\u00a0\u00bbcenter\u00a0\u00bb css=\u00a0\u00bb\u00a0\u00bb el_class=\u00a0\u00bbbtn-menu\u00a0\u00bb link=\u00a0\u00bburl:https%3A%2F%2Fduopizza.order-online.ai%2F%23%2Fsubcategory%2F123092|target:_blank\u00a0\u00bb el_id=\u00a0\u00bbpizzas-dessert\u00a0\u00bb][\/vc_column_inner][\/vc_row_inner][vc_row_inner css=\u00a0\u00bb.vc_custom_1750957357936{padding-top: 2rem !important;}\u00a0\u00bb][vc_column_inner][vc_column_text css=\u00a0\u00bb\u00a0\u00bb el_class=\u00a0\u00bbsubtlt-menu-dp\u00a0\u00bb]<\/p>\n<h2>Pizzas Dessert (Bient\u00f4t disponible)<\/h2>\n<p>[\/vc_column_text][vc_column_text css=\u00a0\u00bb\u00a0\u00bb el_class=\u00a0\u00bbtxt-cate-dp\u00a0\u00bb]Terminez votre repas en beaut\u00e9! Nos pizzas dessert sont sucr\u00e9es, fondantes et compl\u00e8tement d\u00e9cadentes \u2014 un vrai plaisir coupable \u00e0 partager\u2026 ou pas.[\/vc_column_text][vc_raw_html css=\u00a0\u00bb\u00a0\u00bb]JTVCc2xkLXBsYXRlYXV4JTIwY2F0ZWdvcmllcyUzRCUyMjQyJTIyJTVE[\/vc_raw_html][vc_btn title=\u00a0\u00bb\u00c0 commander en ligne ou sur place!\u00a0\u00bb color=\u00a0\u00bbdanger\u00a0\u00bb align=\u00a0\u00bbcenter\u00a0\u00bb css=\u00a0\u00bb\u00a0\u00bb el_class=\u00a0\u00bbbtn-menu\u00a0\u00bb link=\u00a0\u00bburl:https%3A%2F%2Fduopizza.order-online.ai%2F%23%2Fsubcategory%2F123100|target:_blank\u00a0\u00bb el_id=\u00a0\u00bbsauces-dips\u00a0\u00bb][\/vc_column_inner][\/vc_row_inner][vc_row_inner css=\u00a0\u00bb.vc_custom_1750957373184{padding-top: 2rem !important;}\u00a0\u00bb][vc_column_inner][vc_column_text css=\u00a0\u00bb\u00a0\u00bb el_class=\u00a0\u00bbsubtlt-menu-dp\u00a0\u00bb]<\/p>\n<h2>Sauces Dips<\/h2>\n<p>[\/vc_column_text][vc_column_text css=\u00a0\u00bb\u00a0\u00bb el_class=\u00a0\u00bbtxt-cate-dp\u00a0\u00bb]Ajoutez une touche de plaisir \u00e0 vos plats! Nos sauces maison rehaussent parfaitement vos pizzas, frites, ailes ou sous-marins. Chaque bouch\u00e9e devient une explosion de saveurs.[\/vc_column_text][vc_raw_html css=\u00a0\u00bb\u00a0\u00bb]JTVCc2xkLXBsYXRlYXV4JTIwY2F0ZWdvcmllcyUzRCUyMjQzJTIyJTVE[\/vc_raw_html][vc_btn title=\u00a0\u00bb\u00c0 commander en ligne ou sur place!\u00a0\u00bb color=\u00a0\u00bbdanger\u00a0\u00bb align=\u00a0\u00bbcenter\u00a0\u00bb css=\u00a0\u00bb\u00a0\u00bb el_class=\u00a0\u00bbbtn-menu\u00a0\u00bb link=\u00a0\u00bburl:https%3A%2F%2Fduopizza.order-online.ai%2F%23%2Fsubcategory%2F123094|target:_blank\u00a0\u00bb][\/vc_column_inner][\/vc_row_inner][\/vc_column][\/vc_row]<\/p>\n<\/div>","protected":false},"excerpt":{"rendered":"<p>[vc_row full_width=\u00a0\u00bbstretch_row\u00a0\u00bb content_placement=\u00a0\u00bbmiddle\u00a0\u00bb css=\u00a0\u00bb.vc_custom_1749754004378{background-image: url(https:\/\/duopizza.com\/wp-content\/uploads\/2025\/06\/banner-menu-duopizza.webp?id=2850) !important;background-position: center !important;background-repeat: no-repeat !important;background-size: cover !important;}\u00a0\u00bb min_height=\u00a0\u00bb800px\u00a0\u00bb el_class=\u00a0\u00bbbox-banner\u00a0\u00bb][vc_column][vc_column_text css=\u00a0\u00bb\u00a0\u00bb el_class=\u00a0\u00bbtlt-menu-dp\u00a0\u00bb] Du bon go\u00fbt \u00e0 partager chez Duo Pizza [\/vc_column_text][vc_column_text css=\u00a0\u00bb\u00a0\u00bb el_class=\u00a0\u00bbtxt-menu-dp\u00a0\u00bb]Bienvenue chez Duo Pizza, votre pizzeria \u00e0 Longueuil pr\u00e9f\u00e9r\u00e9e! Parcourez notre menu pizza en ligne et laissez-vous tenter par nos incontournables :[\/vc_column_text][\/vc_column][\/vc_row][vc_row full_width=\u00a0\u00bbstretch_row\u00a0\u00bb content_placement=\u00a0\u00bbmiddle\u00a0\u00bb css=\u00a0\u00bb.vc_custom_1750958346167{background-color: #FDE8E9 !important;background-position: center !important;background-repeat: [&hellip;]<\/p>\n","protected":false},"author":13,"featured_media":0,"parent":0,"menu_order":0,"comment_status":"closed","ping_status":"closed","template":"","meta":{"_acf_changed":false,"footnotes":""},"class_list":["post-2759","page","type-page","status-publish","hentry"],"acf":[],"yoast_head":"<!-- This site is optimized with the Yoast SEO Premium plugin v22.4 (Yoast SEO v27.5) - https:\/\/yoast.com\/product\/yoast-seo-premium-wordpress\/ -->\n<title>Menu - Duo Pizza<\/title>\n<meta name=\"robots\" content=\"index, follow, max-snippet:-1, max-image-preview:large, max-video-preview:-1\" \/>\n<link rel=\"canonical\" href=\"https:\/\/duopizza.com\/fr\/menu-duopizza\/\" \/>\n<meta property=\"og:locale\" content=\"fr_FR\" \/>\n<meta property=\"og:type\" content=\"article\" \/>\n<meta property=\"og:title\" content=\"Menu\" \/>\n<meta property=\"og:description\" content=\"[vc_row full_width=\u00a0\u00bbstretch_row\u00a0\u00bb content_placement=\u00a0\u00bbmiddle\u00a0\u00bb css=\u00a0\u00bb.vc_custom_1749754004378{background-image: url(https:\/\/duopizza.com\/wp-content\/uploads\/2025\/06\/banner-menu-duopizza.webp?id=2850) !important;background-position: center !important;background-repeat: no-repeat !important;background-size: cover !important;}\u00a0\u00bb min_height=\u00a0\u00bb800px\u00a0\u00bb el_class=\u00a0\u00bbbox-banner\u00a0\u00bb][vc_column][vc_column_text css=\u00a0\u00bb\u00a0\u00bb el_class=\u00a0\u00bbtlt-menu-dp\u00a0\u00bb] Du bon go\u00fbt \u00e0 partager chez Duo Pizza [\/vc_column_text][vc_column_text css=\u00a0\u00bb\u00a0\u00bb el_class=\u00a0\u00bbtxt-menu-dp\u00a0\u00bb]Bienvenue chez Duo Pizza, votre pizzeria \u00e0 Longueuil pr\u00e9f\u00e9r\u00e9e! Parcourez notre menu pizza en ligne et laissez-vous tenter par nos incontournables :[\/vc_column_text][\/vc_column][\/vc_row][vc_row full_width=\u00a0\u00bbstretch_row\u00a0\u00bb content_placement=\u00a0\u00bbmiddle\u00a0\u00bb css=\u00a0\u00bb.vc_custom_1750958346167{background-color: #FDE8E9 !important;background-position: center !important;background-repeat: [&hellip;]\" \/>\n<meta property=\"og:url\" content=\"https:\/\/duopizza.com\/fr\/menu-duopizza\/\" \/>\n<meta property=\"og:site_name\" content=\"Duo Pizza\" \/>\n<meta property=\"article:publisher\" content=\"https:\/\/www.facebook.com\/Duopizzainc\/\" \/>\n<meta property=\"article:modified_time\" content=\"2025-09-08T18:00:55+00:00\" \/>\n<meta name=\"twitter:card\" content=\"summary_large_image\" \/>\n<meta name=\"twitter:label1\" content=\"Dur\u00e9e de lecture estim\u00e9e\" \/>\n\t<meta name=\"twitter:data1\" content=\"3 minutes\" \/>\n<script type=\"application\/ld+json\" class=\"yoast-schema-graph\">{\"@context\":\"https:\\\/\\\/schema.org\",\"@graph\":[{\"@type\":\"WebPage\",\"@id\":\"https:\\\/\\\/duopizza.com\\\/fr\\\/menu-duopizza\\\/\",\"url\":\"https:\\\/\\\/duopizza.com\\\/fr\\\/menu-duopizza\\\/\",\"name\":\"Menu - Duo Pizza\",\"isPartOf\":{\"@id\":\"https:\\\/\\\/duopizza.com\\\/fr\\\/#website\"},\"datePublished\":\"2025-06-09T17:46:44+00:00\",\"dateModified\":\"2025-09-08T18:00:55+00:00\",\"breadcrumb\":{\"@id\":\"https:\\\/\\\/duopizza.com\\\/fr\\\/menu-duopizza\\\/#breadcrumb\"},\"inLanguage\":\"fr-FR\",\"potentialAction\":[{\"@type\":\"ReadAction\",\"target\":[\"https:\\\/\\\/duopizza.com\\\/fr\\\/menu-duopizza\\\/\"]}]},{\"@type\":\"BreadcrumbList\",\"@id\":\"https:\\\/\\\/duopizza.com\\\/fr\\\/menu-duopizza\\\/#breadcrumb\",\"itemListElement\":[{\"@type\":\"ListItem\",\"position\":1,\"name\":\"Accueil\",\"item\":\"https:\\\/\\\/duopizza.com\\\/fr\\\/\"},{\"@type\":\"ListItem\",\"position\":2,\"name\":\"Menu\"}]},{\"@type\":\"WebSite\",\"@id\":\"https:\\\/\\\/duopizza.com\\\/fr\\\/#website\",\"url\":\"https:\\\/\\\/duopizza.com\\\/fr\\\/\",\"name\":\"Duo Pizza\",\"description\":\"Pizza  livraison 2 pour 1\",\"publisher\":{\"@id\":\"https:\\\/\\\/duopizza.com\\\/fr\\\/#organization\"},\"potentialAction\":[{\"@type\":\"SearchAction\",\"target\":{\"@type\":\"EntryPoint\",\"urlTemplate\":\"https:\\\/\\\/duopizza.com\\\/fr\\\/?s={search_term_string}\"},\"query-input\":{\"@type\":\"PropertyValueSpecification\",\"valueRequired\":true,\"valueName\":\"search_term_string\"}}],\"inLanguage\":\"fr-FR\"},{\"@type\":\"Organization\",\"@id\":\"https:\\\/\\\/duopizza.com\\\/fr\\\/#organization\",\"name\":\"Duo Pizza\",\"url\":\"https:\\\/\\\/duopizza.com\\\/fr\\\/\",\"logo\":{\"@type\":\"ImageObject\",\"inLanguage\":\"fr-FR\",\"@id\":\"https:\\\/\\\/duopizza.com\\\/fr\\\/#\\\/schema\\\/logo\\\/image\\\/\",\"url\":\"https:\\\/\\\/duopizza.com\\\/wp-content\\\/uploads\\\/2022\\\/12\\\/cropped-Duo-Pizza-logo-1.jpg\",\"contentUrl\":\"https:\\\/\\\/duopizza.com\\\/wp-content\\\/uploads\\\/2022\\\/12\\\/cropped-Duo-Pizza-logo-1.jpg\",\"width\":512,\"height\":512,\"caption\":\"Duo Pizza\"},\"image\":{\"@id\":\"https:\\\/\\\/duopizza.com\\\/fr\\\/#\\\/schema\\\/logo\\\/image\\\/\"},\"sameAs\":[\"https:\\\/\\\/www.facebook.com\\\/Duopizzainc\\\/\",\"https:\\\/\\\/www.instagram.com\\\/duopizza\\\/?hl=en\"]}]}<\/script>\n<!-- \/ Yoast SEO Premium plugin. -->","yoast_head_json":{"title":"Menu - Duo Pizza","robots":{"index":"index","follow":"follow","max-snippet":"max-snippet:-1","max-image-preview":"max-image-preview:large","max-video-preview":"max-video-preview:-1"},"canonical":"https:\/\/duopizza.com\/fr\/menu-duopizza\/","og_locale":"fr_FR","og_type":"article","og_title":"Menu","og_description":"[vc_row full_width=\u00a0\u00bbstretch_row\u00a0\u00bb content_placement=\u00a0\u00bbmiddle\u00a0\u00bb css=\u00a0\u00bb.vc_custom_1749754004378{background-image: url(https:\/\/duopizza.com\/wp-content\/uploads\/2025\/06\/banner-menu-duopizza.webp?id=2850) !important;background-position: center !important;background-repeat: no-repeat !important;background-size: cover !important;}\u00a0\u00bb min_height=\u00a0\u00bb800px\u00a0\u00bb el_class=\u00a0\u00bbbox-banner\u00a0\u00bb][vc_column][vc_column_text css=\u00a0\u00bb\u00a0\u00bb el_class=\u00a0\u00bbtlt-menu-dp\u00a0\u00bb] Du bon go\u00fbt \u00e0 partager chez Duo Pizza [\/vc_column_text][vc_column_text css=\u00a0\u00bb\u00a0\u00bb el_class=\u00a0\u00bbtxt-menu-dp\u00a0\u00bb]Bienvenue chez Duo Pizza, votre pizzeria \u00e0 Longueuil pr\u00e9f\u00e9r\u00e9e! Parcourez notre menu pizza en ligne et laissez-vous tenter par nos incontournables :[\/vc_column_text][\/vc_column][\/vc_row][vc_row full_width=\u00a0\u00bbstretch_row\u00a0\u00bb content_placement=\u00a0\u00bbmiddle\u00a0\u00bb css=\u00a0\u00bb.vc_custom_1750958346167{background-color: #FDE8E9 !important;background-position: center !important;background-repeat: [&hellip;]","og_url":"https:\/\/duopizza.com\/fr\/menu-duopizza\/","og_site_name":"Duo Pizza","article_publisher":"https:\/\/www.facebook.com\/Duopizzainc\/","article_modified_time":"2025-09-08T18:00:55+00:00","twitter_card":"summary_large_image","twitter_misc":{"Dur\u00e9e de lecture estim\u00e9e":"3 minutes"},"schema":{"@context":"https:\/\/schema.org","@graph":[{"@type":"WebPage","@id":"https:\/\/duopizza.com\/fr\/menu-duopizza\/","url":"https:\/\/duopizza.com\/fr\/menu-duopizza\/","name":"Menu - Duo Pizza","isPartOf":{"@id":"https:\/\/duopizza.com\/fr\/#website"},"datePublished":"2025-06-09T17:46:44+00:00","dateModified":"2025-09-08T18:00:55+00:00","breadcrumb":{"@id":"https:\/\/duopizza.com\/fr\/menu-duopizza\/#breadcrumb"},"inLanguage":"fr-FR","potentialAction":[{"@type":"ReadAction","target":["https:\/\/duopizza.com\/fr\/menu-duopizza\/"]}]},{"@type":"BreadcrumbList","@id":"https:\/\/duopizza.com\/fr\/menu-duopizza\/#breadcrumb","itemListElement":[{"@type":"ListItem","position":1,"name":"Accueil","item":"https:\/\/duopizza.com\/fr\/"},{"@type":"ListItem","position":2,"name":"Menu"}]},{"@type":"WebSite","@id":"https:\/\/duopizza.com\/fr\/#website","url":"https:\/\/duopizza.com\/fr\/","name":"Duo Pizza","description":"Pizza  livraison 2 pour 1","publisher":{"@id":"https:\/\/duopizza.com\/fr\/#organization"},"potentialAction":[{"@type":"SearchAction","target":{"@type":"EntryPoint","urlTemplate":"https:\/\/duopizza.com\/fr\/?s={search_term_string}"},"query-input":{"@type":"PropertyValueSpecification","valueRequired":true,"valueName":"search_term_string"}}],"inLanguage":"fr-FR"},{"@type":"Organization","@id":"https:\/\/duopizza.com\/fr\/#organization","name":"Duo Pizza","url":"https:\/\/duopizza.com\/fr\/","logo":{"@type":"ImageObject","inLanguage":"fr-FR","@id":"https:\/\/duopizza.com\/fr\/#\/schema\/logo\/image\/","url":"https:\/\/duopizza.com\/wp-content\/uploads\/2022\/12\/cropped-Duo-Pizza-logo-1.jpg","contentUrl":"https:\/\/duopizza.com\/wp-content\/uploads\/2022\/12\/cropped-Duo-Pizza-logo-1.jpg","width":512,"height":512,"caption":"Duo Pizza"},"image":{"@id":"https:\/\/duopizza.com\/fr\/#\/schema\/logo\/image\/"},"sameAs":["https:\/\/www.facebook.com\/Duopizzainc\/","https:\/\/www.instagram.com\/duopizza\/?hl=en"]}]}},"_links":{"self":[{"href":"https:\/\/duopizza.com\/fr\/wp-json\/wp\/v2\/pages\/2759","targetHints":{"allow":["GET"]}}],"collection":[{"href":"https:\/\/duopizza.com\/fr\/wp-json\/wp\/v2\/pages"}],"about":[{"href":"https:\/\/duopizza.com\/fr\/wp-json\/wp\/v2\/types\/page"}],"author":[{"embeddable":true,"href":"https:\/\/duopizza.com\/fr\/wp-json\/wp\/v2\/users\/13"}],"replies":[{"embeddable":true,"href":"https:\/\/duopizza.com\/fr\/wp-json\/wp\/v2\/comments?post=2759"}],"version-history":[{"count":90,"href":"https:\/\/duopizza.com\/fr\/wp-json\/wp\/v2\/pages\/2759\/revisions"}],"predecessor-version":[{"id":3325,"href":"https:\/\/duopizza.com\/fr\/wp-json\/wp\/v2\/pages\/2759\/revisions\/3325"}],"wp:attachment":[{"href":"https:\/\/duopizza.com\/fr\/wp-json\/wp\/v2\/media?parent=2759"}],"curies":[{"name":"wp","href":"https:\/\/api.w.org\/{rel}","templated":true}]}}